{"id":11480,"date":"2022-02-01T11:37:48","date_gmt":"2022-02-01T10:37:48","guid":{"rendered":"http:\/\/pictomarket.fr\/?post_type=product&#038;p=11480"},"modified":"2022-03-15T14:09:48","modified_gmt":"2022-03-15T13:09:48","slug":"implant-metallique-interdit-panonceau-fond-blanc-fond-dicone-blanc-encadre","status":"publish","type":"product","link":"https:\/\/pictomarket.fr\/?product=implant-metallique-interdit-panonceau-fond-blanc-fond-dicone-blanc-encadre","title":{"rendered":"Implant m\u00e9tallique interdit &#8211; Panonceau fond blanc (fond d&#8217;ic\u00f4ne blanc encadr\u00e9)"},"content":{"rendered":"","protected":false},"excerpt":{"rendered":"","protected":false},"featured_media":11449,"comment_status":"open","ping_status":"closed","template":"","meta":{"site-sidebar-layout":"default","site-content-layout":"default","ast-global-header-display":"","ast-main-header-display":"","ast-hfb-above-header-display":"","ast-hfb-below-header-display":"","ast-hfb-mobile-header-display":"","site-post-title":"","ast-breadcrumbs-content":"","ast-featured-img":"","footer-sml-layout":"","theme-transparent-header-meta":"","adv-header-id-meta":"","stick-header-meta":"","header-above-stick-meta":"","header-main-stick-meta":"","header-below-stick-meta":""},"product_cat":[29,149],"product_tag":[102,158],"_links":{"self":[{"href":"https:\/\/pictomarket.fr\/index.php?rest_route=\/wp\/v2\/product\/11480"}],"collection":[{"href":"https:\/\/pictomarket.fr\/index.php?rest_route=\/wp\/v2\/product"}],"about":[{"href":"https:\/\/pictomarket.fr\/index.php?rest_route=\/wp\/v2\/types\/product"}],"replies":[{"embeddable":true,"href":"https:\/\/pictomarket.fr\/index.php?rest_route=%2Fwp%2Fv2%2Fcomments&post=11480"}],"wp:featuredmedia":[{"embeddable":true,"href":"https:\/\/pictomarket.fr\/index.php?rest_route=\/wp\/v2\/media\/11449"}],"wp:attachment":[{"href":"https:\/\/pictomarket.fr\/index.php?rest_route=%2Fwp%2Fv2%2Fmedia&parent=11480"}],"wp:term":[{"taxonomy":"product_cat","embeddable":true,"href":"https:\/\/pictomarket.fr\/index.php?rest_route=%2Fwp%2Fv2%2Fproduct_cat&post=11480"},{"taxonomy":"product_tag","embeddable":true,"href":"https:\/\/pictomarket.fr\/index.php?rest_route=%2Fwp%2Fv2%2Fproduct_tag&post=11480"}],"curies":[{"name":"wp","href":"https:\/\/api.w.org\/{rel}","templated":true}]}}