{"id":5932,"date":"2021-12-02T09:21:52","date_gmt":"2021-12-02T08:21:52","guid":{"rendered":"http:\/\/pictomarket.fr\/?post_type=product&#038;p=5932"},"modified":"2022-03-03T14:18:04","modified_gmt":"2022-03-03T13:18:04","slug":"acces-pompiers-modele-1-panonceau-fond-blanc-avec-icone","status":"publish","type":"product","link":"https:\/\/pictomarket.fr\/?product=acces-pompiers-modele-1-panonceau-fond-blanc-avec-icone","title":{"rendered":"Acc\u00e8s pompiers (mod\u00e8le 1) &#8211; Panonceau fond blanc (avec ic\u00f4ne)"},"content":{"rendered":"","protected":false},"excerpt":{"rendered":"","protected":false},"featured_media":5934,"comment_status":"open","ping_status":"closed","template":"","meta":{"site-sidebar-layout":"default","site-content-layout":"default","ast-global-header-display":"","ast-main-header-display":"","ast-hfb-above-header-display":"","ast-hfb-below-header-display":"","ast-hfb-mobile-header-display":"","site-post-title":"","ast-breadcrumbs-content":"","ast-featured-img":"","footer-sml-layout":"","theme-transparent-header-meta":"default","adv-header-id-meta":"","stick-header-meta":"","header-above-stick-meta":"","header-main-stick-meta":"","header-below-stick-meta":""},"product_cat":[28,104],"product_tag":[102,158],"_links":{"self":[{"href":"https:\/\/pictomarket.fr\/index.php?rest_route=\/wp\/v2\/product\/5932"}],"collection":[{"href":"https:\/\/pictomarket.fr\/index.php?rest_route=\/wp\/v2\/product"}],"about":[{"href":"https:\/\/pictomarket.fr\/index.php?rest_route=\/wp\/v2\/types\/product"}],"replies":[{"embeddable":true,"href":"https:\/\/pictomarket.fr\/index.php?rest_route=%2Fwp%2Fv2%2Fcomments&post=5932"}],"wp:featuredmedia":[{"embeddable":true,"href":"https:\/\/pictomarket.fr\/index.php?rest_route=\/wp\/v2\/media\/5934"}],"wp:attachment":[{"href":"https:\/\/pictomarket.fr\/index.php?rest_route=%2Fwp%2Fv2%2Fmedia&parent=5932"}],"wp:term":[{"taxonomy":"product_cat","embeddable":true,"href":"https:\/\/pictomarket.fr\/index.php?rest_route=%2Fwp%2Fv2%2Fproduct_cat&post=5932"},{"taxonomy":"product_tag","embeddable":true,"href":"https:\/\/pictomarket.fr\/index.php?rest_route=%2Fwp%2Fv2%2Fproduct_tag&post=5932"}],"curies":[{"name":"wp","href":"https:\/\/api.w.org\/{rel}","templated":true}]}}