{"id":6031,"date":"2021-12-02T11:15:51","date_gmt":"2021-12-02T10:15:51","guid":{"rendered":"http:\/\/pictomarket.fr\/?post_type=product&#038;p=6031"},"modified":"2022-03-15T11:18:01","modified_gmt":"2022-03-15T10:18:01","slug":"entree-interdite-modele-2-panonceau-icone-encadree","status":"publish","type":"product","link":"https:\/\/pictomarket.fr\/?product=entree-interdite-modele-2-panonceau-icone-encadree","title":{"rendered":"Entr\u00e9e interdite (mod\u00e8le 2) &#8211; Panonceau fond blanc (fond d&#8217;ic\u00f4ne blanc encadr\u00e9)"},"content":{"rendered":"","protected":false},"excerpt":{"rendered":"","protected":false},"featured_media":6033,"comment_status":"open","ping_status":"closed","template":"","meta":{"site-sidebar-layout":"default","site-content-layout":"default","ast-global-header-display":"","ast-main-header-display":"","ast-hfb-above-header-display":"","ast-hfb-below-header-display":"","ast-hfb-mobile-header-display":"","site-post-title":"","ast-breadcrumbs-content":"","ast-featured-img":"","footer-sml-layout":"","theme-transparent-header-meta":"default","adv-header-id-meta":"","stick-header-meta":"","header-above-stick-meta":"","header-main-stick-meta":"","header-below-stick-meta":""},"product_cat":[29,107],"product_tag":[102,158],"_links":{"self":[{"href":"https:\/\/pictomarket.fr\/index.php?rest_route=\/wp\/v2\/product\/6031"}],"collection":[{"href":"https:\/\/pictomarket.fr\/index.php?rest_route=\/wp\/v2\/product"}],"about":[{"href":"https:\/\/pictomarket.fr\/index.php?rest_route=\/wp\/v2\/types\/product"}],"replies":[{"embeddable":true,"href":"https:\/\/pictomarket.fr\/index.php?rest_route=%2Fwp%2Fv2%2Fcomments&post=6031"}],"wp:featuredmedia":[{"embeddable":true,"href":"https:\/\/pictomarket.fr\/index.php?rest_route=\/wp\/v2\/media\/6033"}],"wp:attachment":[{"href":"https:\/\/pictomarket.fr\/index.php?rest_route=%2Fwp%2Fv2%2Fmedia&parent=6031"}],"wp:term":[{"taxonomy":"product_cat","embeddable":true,"href":"https:\/\/pictomarket.fr\/index.php?rest_route=%2Fwp%2Fv2%2Fproduct_cat&post=6031"},{"taxonomy":"product_tag","embeddable":true,"href":"https:\/\/pictomarket.fr\/index.php?rest_route=%2Fwp%2Fv2%2Fproduct_tag&post=6031"}],"curies":[{"name":"wp","href":"https:\/\/api.w.org\/{rel}","templated":true}]}}