{"id":6293,"date":"2021-12-02T17:10:37","date_gmt":"2021-12-02T16:10:37","guid":{"rendered":"http:\/\/pictomarket.fr\/?post_type=product&#038;p=6293"},"modified":"2022-03-15T16:59:13","modified_gmt":"2022-03-15T15:59:13","slug":"prive-modele-4-carre","status":"publish","type":"product","link":"https:\/\/pictomarket.fr\/?product=prive-modele-4-carre","title":{"rendered":"Priv\u00e9 (mod\u00e8le 4) &#8211; Carr\u00e9 fond blanc avec texte"},"content":{"rendered":"","protected":false},"excerpt":{"rendered":"","protected":false},"featured_media":6295,"comment_status":"open","ping_status":"closed","template":"","meta":{"site-sidebar-layout":"default","site-content-layout":"default","ast-global-header-display":"","ast-main-header-display":"","ast-hfb-above-header-display":"","ast-hfb-below-header-display":"","ast-hfb-mobile-header-display":"","site-post-title":"","ast-breadcrumbs-content":"","ast-featured-img":"","footer-sml-layout":"","theme-transparent-header-meta":"default","adv-header-id-meta":"","stick-header-meta":"","header-above-stick-meta":"","header-main-stick-meta":"","header-below-stick-meta":""},"product_cat":[29,115],"product_tag":[101,158],"_links":{"self":[{"href":"https:\/\/pictomarket.fr\/index.php?rest_route=\/wp\/v2\/product\/6293"}],"collection":[{"href":"https:\/\/pictomarket.fr\/index.php?rest_route=\/wp\/v2\/product"}],"about":[{"href":"https:\/\/pictomarket.fr\/index.php?rest_route=\/wp\/v2\/types\/product"}],"replies":[{"embeddable":true,"href":"https:\/\/pictomarket.fr\/index.php?rest_route=%2Fwp%2Fv2%2Fcomments&post=6293"}],"wp:featuredmedia":[{"embeddable":true,"href":"https:\/\/pictomarket.fr\/index.php?rest_route=\/wp\/v2\/media\/6295"}],"wp:attachment":[{"href":"https:\/\/pictomarket.fr\/index.php?rest_route=%2Fwp%2Fv2%2Fmedia&parent=6293"}],"wp:term":[{"taxonomy":"product_cat","embeddable":true,"href":"https:\/\/pictomarket.fr\/index.php?rest_route=%2Fwp%2Fv2%2Fproduct_cat&post=6293"},{"taxonomy":"product_tag","embeddable":true,"href":"https:\/\/pictomarket.fr\/index.php?rest_route=%2Fwp%2Fv2%2Fproduct_tag&post=6293"}],"curies":[{"name":"wp","href":"https:\/\/api.w.org\/{rel}","templated":true}]}}