{"id":6402,"date":"2021-12-03T13:53:07","date_gmt":"2021-12-03T12:53:07","guid":{"rendered":"http:\/\/pictomarket.fr\/?post_type=product&#038;p=6402"},"modified":"2024-06-02T19:01:29","modified_gmt":"2024-06-02T17:01:29","slug":"acces-pmr-modele-2-carre-fond-bleu-avec-texte","status":"publish","type":"product","link":"https:\/\/pictomarket.fr\/?product=acces-pmr-modele-2-carre-fond-bleu-avec-texte","title":{"rendered":"Acc\u00e8s PMR (mod\u00e8le 2) &#8211; Carr\u00e9 fond bleu avec texte"},"content":{"rendered":"","protected":false},"excerpt":{"rendered":"","protected":false},"featured_media":6404,"comment_status":"open","ping_status":"closed","template":"","meta":{"site-sidebar-layout":"default","site-content-layout":"default","ast-global-header-display":"","ast-main-header-display":"","ast-hfb-above-header-display":"","ast-hfb-below-header-display":"","ast-hfb-mobile-header-display":"","site-post-title":"","ast-breadcrumbs-content":"","ast-featured-img":"","footer-sml-layout":"","theme-transparent-header-meta":"default","adv-header-id-meta":"","stick-header-meta":"","header-above-stick-meta":"","header-main-stick-meta":"","header-below-stick-meta":""},"product_cat":[28,116],"product_tag":[160,101],"_links":{"self":[{"href":"https:\/\/pictomarket.fr\/index.php?rest_route=\/wp\/v2\/product\/6402"}],"collection":[{"href":"https:\/\/pictomarket.fr\/index.php?rest_route=\/wp\/v2\/product"}],"about":[{"href":"https:\/\/pictomarket.fr\/index.php?rest_route=\/wp\/v2\/types\/product"}],"replies":[{"embeddable":true,"href":"https:\/\/pictomarket.fr\/index.php?rest_route=%2Fwp%2Fv2%2Fcomments&post=6402"}],"wp:featuredmedia":[{"embeddable":true,"href":"https:\/\/pictomarket.fr\/index.php?rest_route=\/wp\/v2\/media\/6404"}],"wp:attachment":[{"href":"https:\/\/pictomarket.fr\/index.php?rest_route=%2Fwp%2Fv2%2Fmedia&parent=6402"}],"wp:term":[{"taxonomy":"product_cat","embeddable":true,"href":"https:\/\/pictomarket.fr\/index.php?rest_route=%2Fwp%2Fv2%2Fproduct_cat&post=6402"},{"taxonomy":"product_tag","embeddable":true,"href":"https:\/\/pictomarket.fr\/index.php?rest_route=%2Fwp%2Fv2%2Fproduct_tag&post=6402"}],"curies":[{"name":"wp","href":"https:\/\/api.w.org\/{rel}","templated":true}]}}